{"id":279,"date":"2022-08-09T13:42:03","date_gmt":"2022-08-09T11:42:03","guid":{"rendered":"https:\/\/cleanly.be\/index.php\/features\/"},"modified":"2024-01-26T17:51:56","modified_gmt":"2024-01-26T16:51:56","slug":"features","status":"publish","type":"page","link":"https:\/\/cleanly.be\/index.php\/features\/","title":{"rendered":"Services"},"content":{"rendered":"\t\t<div data-elementor-type=\"wp-page\" data-elementor-id=\"279\" class=\"elementor elementor-279\">\n\t\t\t\t\t\t<div class=\"elementor-section elementor-top-section elementor-element elementor-element-ce61026 elementor-section-boxed elementor-section-height-default elementor-section-height-default\" data-id=\"ce61026\" data-element_type=\"section\" data-settings=\"{&quot;background_background&quot;:&quot;classic&quot;}\">\n\t\t\t\t\t\t<div class=\"elementor-container elementor-column-gap-default\">\n\t\t\t\t\t<div class=\"elementor-column elementor-col-100 elementor-top-column elementor-element elementor-element-4bcf1ee\" data-id=\"4bcf1ee\" data-element_type=\"column\">\n\t\t\t<div class=\"elementor-widget-wrap elementor-element-populated\">\n\t\t\t\t\t\t<div class=\"elementor-element elementor-element-af56c18 elementor-widget-tablet__width-initial elementor-widget__width-initial elementor-widget-mobile__width-inherit ui-e-a-animate elementor-widget elementor-widget-highlighted-text\" data-id=\"af56c18\" data-element_type=\"widget\" data-widget_type=\"highlighted-text.default\">\n\t\t\t\t<div class=\"elementor-widget-container\">\n\t\t\t\t\t        <h1 class=\"ui-e--highlighted-text\">\n            <span class=\"ui-e-headline-text elementor-repeater-item-b29416d\">Nos services<\/span><span class=\"ui-e-headline-text elementor-repeater-item-8922790 ui-e-headline-stroke1\">\n\t\t\t\t\t\t\t\t\t<span class=\"whitespace\"><\/span>\n                                    <span>\n                                        <span class=\"ui-e-headline-text ui-e-headline-highlighted\">.<\/span><span class=\"uicore-svg-wrapper\"><svg xmlns=\"http:\/\/www.w3.org\/2000\/svg\" viewBox=\"0 0 500 150\" preserveAspectRatio=\"none\"><path d='M15.2,133.3L15.2,133.3c121.9-7.6,244-9.9,366.1-6.8c34.6,0.9,69.1,2.3,103.7,4' \/><\/svg><\/span><\/span> <span class=\"whitespace\"> <\/span><\/span>        <\/h1>\n    \t\t\t\t<\/div>\n\t\t\t\t<\/div>\n\t\t\t\t\t<\/div>\n\t\t<\/div>\n\t\t\t\t\t<\/div>\n\t\t<\/div>\n\t\t\t\t<div class=\"elementor-section elementor-top-section elementor-element elementor-element-2d6a3c6a elementor-section-boxed elementor-section-height-default elementor-section-height-default\" data-id=\"2d6a3c6a\" data-element_type=\"section\" data-settings=\"{&quot;background_background&quot;:&quot;classic&quot;}\">\n\t\t\t\t\t\t<div class=\"elementor-container elementor-column-gap-default\">\n\t\t\t\t\t<div class=\"elementor-column elementor-col-100 elementor-top-column elementor-element elementor-element-6f1a06ae\" data-id=\"6f1a06ae\" data-element_type=\"column\">\n\t\t\t<div class=\"elementor-widget-wrap elementor-element-populated\">\n\t\t\t\t\t\t<section class=\"elementor-section elementor-inner-section elementor-element elementor-element-140525a9 elementor-section-boxed elementor-section-height-default elementor-section-height-default\" data-id=\"140525a9\" data-element_type=\"section\">\n\t\t\t\t\t\t<div class=\"elementor-container elementor-column-gap-default\">\n\t\t\t\t\t<div class=\"elementor-column elementor-col-33 elementor-inner-column elementor-element elementor-element-27666ebf\" data-id=\"27666ebf\" data-element_type=\"column\">\n\t\t\t<div class=\"elementor-widget-wrap elementor-element-populated\">\n\t\t\t\t\t\t<div class=\"elementor-element elementor-element-1ee2df1b bdt-icon-type-image animated-slow elementor-position-top bdt-icon-effect-none elementor-invisible elementor-widget elementor-widget-bdt-advanced-icon-box\" data-id=\"1ee2df1b\" data-element_type=\"widget\" data-settings=\"{&quot;_animation&quot;:&quot;fadeIn&quot;}\" data-widget_type=\"bdt-advanced-icon-box.default\">\n\t\t\t\t<div class=\"elementor-widget-container\">\n\t\t\t\t\t\t\t<div class=\"bdt-ep-advanced-icon-box\">\n\n\t\t\t\t\t\t\t\n\t\t\t\t\t<div class=\"bdt-ep-advanced-icon-box-icon\">\n\t\t\t\t<span class=\"bdt-ep-advanced-icon-box-icon-wrap\">\n\n\n\t\t\t\t\t\t\t\t\t\t\t<img decoding=\"async\" src=\"http:\/\/cleanly.be\/wp-content\/uploads\/2024\/01\/solar-house.png\" alt=\"Nettoyage de panneaux solaires\" width=\"27\">\n\t\t\t\t\t\t\t\t\t<\/span>\n\t\t\t<\/div>\n\t\t\n\t\t\t\t\n\t\t\t<div class=\"bdt-ep-advanced-icon-box-content\">\n\n\t\t\t\t\t\t\t\t\t\n\t\t\t\t\t<h4 class=\"bdt-ep-advanced-icon-box-title\">\n\t\t\t\t<span >\n\t\t\t\t\tNettoyage de panneaux solaires\t\t\t\t<\/span>\n\t\t\t<\/h4>\n\t\t\n\n\t\t\n\t\t\t\t\t\n\t\t\t\t\n\t\t\t\t\t\t\t\t\t<div class=\"bdt-ep-advanced-icon-box-description\">\n\t\t\t\t\t\t<p>Nettoyage, grattage et protection des panneaux photovolta\u00efques.\u00a0<\/p>\t\t\t\t\t<\/div>\n\t\t\t\t\n\t\t\t\t\t\t\t<\/div>\n\t\t<\/div>\n\n\t\t\n\t\t\n\t\t\t\t<\/div>\n\t\t\t\t<\/div>\n\t\t\t\t\t<\/div>\n\t\t<\/div>\n\t\t\t\t<div class=\"elementor-column elementor-col-33 elementor-inner-column elementor-element elementor-element-4fc2375d\" data-id=\"4fc2375d\" data-element_type=\"column\">\n\t\t\t<div class=\"elementor-widget-wrap elementor-element-populated\">\n\t\t\t\t\t\t<div class=\"elementor-element elementor-element-35357db2 bdt-icon-type-image animated-slow elementor-position-top bdt-icon-effect-none elementor-invisible elementor-widget elementor-widget-bdt-advanced-icon-box\" data-id=\"35357db2\" data-element_type=\"widget\" data-settings=\"{&quot;_animation&quot;:&quot;fadeIn&quot;}\" data-widget_type=\"bdt-advanced-icon-box.default\">\n\t\t\t\t<div class=\"elementor-widget-container\">\n\t\t\t\t\t\t\t<div class=\"bdt-ep-advanced-icon-box\">\n\n\t\t\t\t\t\t\t\n\t\t\t\t\t<div class=\"bdt-ep-advanced-icon-box-icon\">\n\t\t\t\t<span class=\"bdt-ep-advanced-icon-box-icon-wrap\">\n\n\n\t\t\t\t\t\t\t\t\t\t\t<img decoding=\"async\" src=\"http:\/\/cleanly.be\/wp-content\/uploads\/2024\/01\/construction.png\" alt=\"Nettoyage et protection de goutti\u00e8res\" width=\"32\">\n\t\t\t\t\t\t\t\t\t<\/span>\n\t\t\t<\/div>\n\t\t\n\t\t\t\t\n\t\t\t<div class=\"bdt-ep-advanced-icon-box-content\">\n\n\t\t\t\t\t\t\t\t\t\n\t\t\t\t\t<h4 class=\"bdt-ep-advanced-icon-box-title\">\n\t\t\t\t<span >\n\t\t\t\t\tNettoyage et protection de goutti\u00e8res\t\t\t\t<\/span>\n\t\t\t<\/h4>\n\t\t\n\n\t\t\n\t\t\t\t\t\n\t\t\t\t\n\t\t\t\t\t\t\t\t\t<div class=\"bdt-ep-advanced-icon-box-description\">\n\t\t\t\t\t\t<p>Nettoyage de goutti\u00e8res, placement de cr\u00e9pines.<\/p>\t\t\t\t\t<\/div>\n\t\t\t\t\n\t\t\t\t\t\t\t<\/div>\n\t\t<\/div>\n\n\t\t\n\t\t\n\t\t\t\t<\/div>\n\t\t\t\t<\/div>\n\t\t\t\t\t<\/div>\n\t\t<\/div>\n\t\t\t\t<div class=\"elementor-column elementor-col-33 elementor-inner-column elementor-element elementor-element-23c870a1\" data-id=\"23c870a1\" data-element_type=\"column\">\n\t\t\t<div class=\"elementor-widget-wrap elementor-element-populated\">\n\t\t\t\t\t\t<div class=\"elementor-element elementor-element-3a4cfde9 bdt-icon-type-image animated-slow elementor-position-top bdt-icon-effect-none elementor-invisible elementor-widget elementor-widget-bdt-advanced-icon-box\" data-id=\"3a4cfde9\" data-element_type=\"widget\" data-settings=\"{&quot;_animation&quot;:&quot;fadeIn&quot;}\" data-widget_type=\"bdt-advanced-icon-box.default\">\n\t\t\t\t<div class=\"elementor-widget-container\">\n\t\t\t\t\t\t\t<div class=\"bdt-ep-advanced-icon-box\">\n\n\t\t\t\t\t\t\t\n\t\t\t\t\t<div class=\"bdt-ep-advanced-icon-box-icon\">\n\t\t\t\t<span class=\"bdt-ep-advanced-icon-box-icon-wrap\">\n\n\n\t\t\t\t\t\t\t\t\t\t\t<img decoding=\"async\" src=\"http:\/\/cleanly.be\/wp-content\/uploads\/2024\/01\/pressure-washer.png\" alt=\"Nettoyage de terrasses et all\u00e9es\" width=\"32\">\n\t\t\t\t\t\t\t\t\t<\/span>\n\t\t\t<\/div>\n\t\t\n\t\t\t\t\n\t\t\t<div class=\"bdt-ep-advanced-icon-box-content\">\n\n\t\t\t\t\t\t\t\t\t\n\t\t\t\t\t<h4 class=\"bdt-ep-advanced-icon-box-title\">\n\t\t\t\t<span >\n\t\t\t\t\tNettoyage de terrasses et all\u00e9es\t\t\t\t<\/span>\n\t\t\t<\/h4>\n\t\t\n\n\t\t\n\t\t\t\t\t\n\t\t\t\t\n\t\t\t\t\t\t\t\t\t<div class=\"bdt-ep-advanced-icon-box-description\">\n\t\t\t\t\t\t<p>Nettoyage de terrasses de tous types, pav\u00e9s, bois, pierres bleues, etc.<\/p>\t\t\t\t\t<\/div>\n\t\t\t\t\n\t\t\t\t\t\t\t<\/div>\n\t\t<\/div>\n\n\t\t\n\t\t\n\t\t\t\t<\/div>\n\t\t\t\t<\/div>\n\t\t\t\t\t<\/div>\n\t\t<\/div>\n\t\t\t\t\t<\/div>\n\t\t<\/section>\n\t\t\t\t<section class=\"elementor-section elementor-inner-section elementor-element elementor-element-3a27580e elementor-section-boxed elementor-section-height-default elementor-section-height-default\" data-id=\"3a27580e\" data-element_type=\"section\">\n\t\t\t\t\t\t<div class=\"elementor-container elementor-column-gap-default\">\n\t\t\t\t\t<div class=\"elementor-column elementor-col-33 elementor-inner-column elementor-element elementor-element-4b7f967a\" data-id=\"4b7f967a\" data-element_type=\"column\">\n\t\t\t<div class=\"elementor-widget-wrap elementor-element-populated\">\n\t\t\t\t\t\t<div class=\"elementor-element elementor-element-6777a836 bdt-icon-type-image animated-slow elementor-position-top bdt-icon-effect-none elementor-invisible elementor-widget elementor-widget-bdt-advanced-icon-box\" data-id=\"6777a836\" data-element_type=\"widget\" data-settings=\"{&quot;_animation&quot;:&quot;fadeIn&quot;}\" data-widget_type=\"bdt-advanced-icon-box.default\">\n\t\t\t\t<div class=\"elementor-widget-container\">\n\t\t\t\t\t\t\t<div class=\"bdt-ep-advanced-icon-box\">\n\n\t\t\t\t\t\t\t\n\t\t\t\t\t<div class=\"bdt-ep-advanced-icon-box-icon\">\n\t\t\t\t<span class=\"bdt-ep-advanced-icon-box-icon-wrap\">\n\n\n\t\t\t\t\t\t\t\t\t\t\t<img decoding=\"async\" src=\"http:\/\/cleanly.be\/wp-content\/uploads\/2024\/01\/window-cleaning.png\" alt=\"Lavage de vitres\" width=\"32\">\n\t\t\t\t\t\t\t\t\t<\/span>\n\t\t\t<\/div>\n\t\t\n\t\t\t\t\n\t\t\t<div class=\"bdt-ep-advanced-icon-box-content\">\n\n\t\t\t\t\t\t\t\t\t\n\t\t\t\t\t<h4 class=\"bdt-ep-advanced-icon-box-title\">\n\t\t\t\t<span >\n\t\t\t\t\tLavage de vitres\t\t\t\t<\/span>\n\t\t\t<\/h4>\n\t\t\n\n\t\t\n\t\t\t\t\t\n\t\t\t\t\n\t\t\t\t\t\t\t\t\t<div class=\"bdt-ep-advanced-icon-box-description\">\n\t\t\t\t\t\t<p>Monsieur Vitres, sp\u00e9cialis\u00e9 dans le lavage de vitres depuis 2020.<\/p>\t\t\t\t\t<\/div>\n\t\t\t\t\n\t\t\t\t\t\t\t<\/div>\n\t\t<\/div>\n\n\t\t\n\t\t\n\t\t\t\t<\/div>\n\t\t\t\t<\/div>\n\t\t\t\t\t<\/div>\n\t\t<\/div>\n\t\t\t\t<div class=\"elementor-column elementor-col-33 elementor-inner-column elementor-element elementor-element-3758ff74\" data-id=\"3758ff74\" data-element_type=\"column\">\n\t\t\t<div class=\"elementor-widget-wrap elementor-element-populated\">\n\t\t\t\t\t\t<div class=\"elementor-element elementor-element-38473da8 bdt-icon-type-image animated-slow elementor-position-top bdt-icon-effect-none elementor-invisible elementor-widget elementor-widget-bdt-advanced-icon-box\" data-id=\"38473da8\" data-element_type=\"widget\" data-settings=\"{&quot;_animation&quot;:&quot;fadeIn&quot;}\" data-widget_type=\"bdt-advanced-icon-box.default\">\n\t\t\t\t<div class=\"elementor-widget-container\">\n\t\t\t\t\t\t\t<div class=\"bdt-ep-advanced-icon-box\">\n\n\t\t\t\t\t\t\t\n\t\t\t\t\t<div class=\"bdt-ep-advanced-icon-box-icon\">\n\t\t\t\t<span class=\"bdt-ep-advanced-icon-box-icon-wrap\">\n\n\n\t\t\t\t\t\t\t\t\t\t\t<img decoding=\"async\" src=\"http:\/\/cleanly.be\/wp-content\/uploads\/2024\/01\/drops.png\" alt=\"Nettoyage \u00e0 l&#039;eau pure\" width=\"32\">\n\t\t\t\t\t\t\t\t\t<\/span>\n\t\t\t<\/div>\n\t\t\n\t\t\t\t\n\t\t\t<div class=\"bdt-ep-advanced-icon-box-content\">\n\n\t\t\t\t\t\t\t\t\t\n\t\t\t\t\t<h4 class=\"bdt-ep-advanced-icon-box-title\">\n\t\t\t\t<span >\n\t\t\t\t\tNettoyage \u00e0 l'eau pure\t\t\t\t<\/span>\n\t\t\t<\/h4>\n\t\t\n\n\t\t\n\t\t\t\t\t\n\t\t\t\t\n\t\t\t\t\t\t\t\t\t<div class=\"bdt-ep-advanced-icon-box-description\">\n\t\t\t\t\t\t<p>Nettoyage de diverses surfaces \u00e0 l&rsquo;eau pure. Ex: Bardages, vitres ext\u00e9rieures,&#8230;<\/p>\t\t\t\t\t<\/div>\n\t\t\t\t\n\t\t\t\t\t\t\t<\/div>\n\t\t<\/div>\n\n\t\t\n\t\t\n\t\t\t\t<\/div>\n\t\t\t\t<\/div>\n\t\t\t\t\t<\/div>\n\t\t<\/div>\n\t\t\t\t<div class=\"elementor-column elementor-col-33 elementor-inner-column elementor-element elementor-element-694a801c\" data-id=\"694a801c\" data-element_type=\"column\">\n\t\t\t<div class=\"elementor-widget-wrap elementor-element-populated\">\n\t\t\t\t\t\t<div class=\"elementor-element elementor-element-4712baf8 bdt-icon-type-image animated-slow elementor-position-top bdt-icon-effect-none elementor-invisible elementor-widget elementor-widget-bdt-advanced-icon-box\" data-id=\"4712baf8\" data-element_type=\"widget\" data-settings=\"{&quot;_animation&quot;:&quot;fadeIn&quot;}\" data-widget_type=\"bdt-advanced-icon-box.default\">\n\t\t\t\t<div class=\"elementor-widget-container\">\n\t\t\t\t\t\t\t<div class=\"bdt-ep-advanced-icon-box\">\n\n\t\t\t\t\t\t\t\n\t\t\t\t\t<div class=\"bdt-ep-advanced-icon-box-icon\">\n\t\t\t\t<span class=\"bdt-ep-advanced-icon-box-icon-wrap\">\n\n\n\t\t\t\t\t\t\t\t\t\t\t<img decoding=\"async\" src=\"http:\/\/cleanly.be\/wp-content\/uploads\/2024\/01\/maple-leaf.png\" alt=\"Soufflage de feuilles\" width=\"32\">\n\t\t\t\t\t\t\t\t\t<\/span>\n\t\t\t<\/div>\n\t\t\n\t\t\t\t\n\t\t\t<div class=\"bdt-ep-advanced-icon-box-content\">\n\n\t\t\t\t\t\t\t\t\t\n\t\t\t\t\t<h4 class=\"bdt-ep-advanced-icon-box-title\">\n\t\t\t\t<span >\n\t\t\t\t\tSoufflage de feuilles\t\t\t\t<\/span>\n\t\t\t<\/h4>\n\t\t\n\n\t\t\n\t\t\t\t\t\n\t\t\t\t\n\t\t\t\t\t\t\t\t\t<div class=\"bdt-ep-advanced-icon-box-description\">\n\t\t\t\t\t\t<p>Votre quartier est tr\u00e8s bois\u00e9? Nous pouvons vous en d\u00e9barrasser.<\/p>\t\t\t\t\t<\/div>\n\t\t\t\t\n\t\t\t\t\t\t\t<\/div>\n\t\t<\/div>\n\n\t\t\n\t\t\n\t\t\t\t<\/div>\n\t\t\t\t<\/div>\n\t\t\t\t\t<\/div>\n\t\t<\/div>\n\t\t\t\t\t<\/div>\n\t\t<\/section>\n\t\t\t\t\t<\/div>\n\t\t<\/div>\n\t\t\t\t\t<\/div>\n\t\t<\/div>\n\t\t\t\t<\/div>\n\t\t","protected":false},"excerpt":{"rendered":"<p>Nos services . Nettoyage de panneaux solaires Nettoyage, grattage et protection des panneaux photovolta\u00efques.\u00a0 Nettoyage et protection de goutti\u00e8res Nettoyage de goutti\u00e8res, [&hellip;]<\/p>\n","protected":false},"author":1,"featured_media":0,"parent":0,"menu_order":0,"comment_status":"closed","ping_status":"closed","template":"","meta":{"_monsterinsights_skip_tracking":false,"_monsterinsights_sitenote_active":false,"_monsterinsights_sitenote_note":"","_monsterinsights_sitenote_category":0,"_joinchat":[],"footnotes":""},"class_list":["post-279","page","type-page","status-publish","hentry"],"yoast_head":"<!-- This site is optimized with the Yoast SEO plugin v26.8 - https:\/\/yoast.com\/product\/yoast-seo-wordpress\/ -->\n<title>Nos services de nettoyage - Cleanly.be<\/title>\n<meta name=\"description\" content=\"D\u00e9couvrez l&#039;ensemble de nos services de nettoyage ext\u00e9rieurs. Contactez-nous pour obtenir votre devis gratuit\" \/>\n<meta name=\"robots\" content=\"index, follow, max-snippet:-1, max-image-preview:large, max-video-preview:-1\" \/>\n<link rel=\"canonical\" href=\"https:\/\/cleanly.be\/index.php\/features\/\" \/>\n<meta property=\"og:locale\" content=\"fr_FR\" \/>\n<meta property=\"og:type\" content=\"article\" \/>\n<meta property=\"og:title\" content=\"Nos services de nettoyage - Cleanly.be\" \/>\n<meta property=\"og:description\" content=\"D\u00e9couvrez l&#039;ensemble de nos services de nettoyage ext\u00e9rieurs. Contactez-nous pour obtenir votre devis gratuit\" \/>\n<meta property=\"og:url\" content=\"https:\/\/cleanly.be\/index.php\/features\/\" \/>\n<meta property=\"og:site_name\" content=\"Cleanly.be\" \/>\n<meta property=\"article:modified_time\" content=\"2024-01-26T16:51:56+00:00\" \/>\n<meta property=\"og:image\" content=\"http:\/\/cleanly.be\/wp-content\/uploads\/2024\/01\/solar-house.png\" \/>\n<meta name=\"twitter:card\" content=\"summary_large_image\" \/>\n<meta name=\"twitter:label1\" content=\"Dur\u00e9e de lecture estim\u00e9e\" \/>\n\t<meta name=\"twitter:data1\" content=\"2 minutes\" \/>\n<script type=\"application\/ld+json\" class=\"yoast-schema-graph\">{\"@context\":\"https:\/\/schema.org\",\"@graph\":[{\"@type\":\"WebPage\",\"@id\":\"https:\/\/cleanly.be\/index.php\/features\/\",\"url\":\"https:\/\/cleanly.be\/index.php\/features\/\",\"name\":\"Nos services de nettoyage - Cleanly.be\",\"isPartOf\":{\"@id\":\"https:\/\/cleanly.be\/#website\"},\"primaryImageOfPage\":{\"@id\":\"https:\/\/cleanly.be\/index.php\/features\/#primaryimage\"},\"image\":{\"@id\":\"https:\/\/cleanly.be\/index.php\/features\/#primaryimage\"},\"thumbnailUrl\":\"http:\/\/cleanly.be\/wp-content\/uploads\/2024\/01\/solar-house.png\",\"datePublished\":\"2022-08-09T11:42:03+00:00\",\"dateModified\":\"2024-01-26T16:51:56+00:00\",\"description\":\"D\u00e9couvrez l'ensemble de nos services de nettoyage ext\u00e9rieurs. Contactez-nous pour obtenir votre devis gratuit\",\"breadcrumb\":{\"@id\":\"https:\/\/cleanly.be\/index.php\/features\/#breadcrumb\"},\"inLanguage\":\"fr-FR\",\"potentialAction\":[{\"@type\":\"ReadAction\",\"target\":[\"https:\/\/cleanly.be\/index.php\/features\/\"]}]},{\"@type\":\"ImageObject\",\"inLanguage\":\"fr-FR\",\"@id\":\"https:\/\/cleanly.be\/index.php\/features\/#primaryimage\",\"url\":\"http:\/\/cleanly.be\/wp-content\/uploads\/2024\/01\/solar-house.png\",\"contentUrl\":\"http:\/\/cleanly.be\/wp-content\/uploads\/2024\/01\/solar-house.png\"},{\"@type\":\"BreadcrumbList\",\"@id\":\"https:\/\/cleanly.be\/index.php\/features\/#breadcrumb\",\"itemListElement\":[{\"@type\":\"ListItem\",\"position\":1,\"name\":\"Accueil\",\"item\":\"https:\/\/cleanly.be\/\"},{\"@type\":\"ListItem\",\"position\":2,\"name\":\"Services\"}]},{\"@type\":\"WebSite\",\"@id\":\"https:\/\/cleanly.be\/#website\",\"url\":\"https:\/\/cleanly.be\/\",\"name\":\"Cleanly.be\",\"description\":\"Votre expert en nettoyage ext\u00e9rieur\",\"publisher\":{\"@id\":\"https:\/\/cleanly.be\/#organization\"},\"potentialAction\":[{\"@type\":\"SearchAction\",\"target\":{\"@type\":\"EntryPoint\",\"urlTemplate\":\"https:\/\/cleanly.be\/?s={search_term_string}\"},\"query-input\":{\"@type\":\"PropertyValueSpecification\",\"valueRequired\":true,\"valueName\":\"search_term_string\"}}],\"inLanguage\":\"fr-FR\"},{\"@type\":\"Organization\",\"@id\":\"https:\/\/cleanly.be\/#organization\",\"name\":\"Cleanly.be\",\"url\":\"https:\/\/cleanly.be\/\",\"logo\":{\"@type\":\"ImageObject\",\"inLanguage\":\"fr-FR\",\"@id\":\"https:\/\/cleanly.be\/#\/schema\/logo\/image\/\",\"url\":\"https:\/\/cleanly.be\/wp-content\/uploads\/2024\/01\/LOGO-4-1.png\",\"contentUrl\":\"https:\/\/cleanly.be\/wp-content\/uploads\/2024\/01\/LOGO-4-1.png\",\"width\":3080,\"height\":706,\"caption\":\"Cleanly.be\"},\"image\":{\"@id\":\"https:\/\/cleanly.be\/#\/schema\/logo\/image\/\"}}]}<\/script>\n<!-- \/ Yoast SEO plugin. -->","yoast_head_json":{"title":"Nos services de nettoyage - Cleanly.be","description":"D\u00e9couvrez l'ensemble de nos services de nettoyage ext\u00e9rieurs. Contactez-nous pour obtenir votre devis gratuit","robots":{"index":"index","follow":"follow","max-snippet":"max-snippet:-1","max-image-preview":"max-image-preview:large","max-video-preview":"max-video-preview:-1"},"canonical":"https:\/\/cleanly.be\/index.php\/features\/","og_locale":"fr_FR","og_type":"article","og_title":"Nos services de nettoyage - Cleanly.be","og_description":"D\u00e9couvrez l'ensemble de nos services de nettoyage ext\u00e9rieurs. Contactez-nous pour obtenir votre devis gratuit","og_url":"https:\/\/cleanly.be\/index.php\/features\/","og_site_name":"Cleanly.be","article_modified_time":"2024-01-26T16:51:56+00:00","og_image":[{"url":"http:\/\/cleanly.be\/wp-content\/uploads\/2024\/01\/solar-house.png","type":"","width":"","height":""}],"twitter_card":"summary_large_image","twitter_misc":{"Dur\u00e9e de lecture estim\u00e9e":"2 minutes"},"schema":{"@context":"https:\/\/schema.org","@graph":[{"@type":"WebPage","@id":"https:\/\/cleanly.be\/index.php\/features\/","url":"https:\/\/cleanly.be\/index.php\/features\/","name":"Nos services de nettoyage - Cleanly.be","isPartOf":{"@id":"https:\/\/cleanly.be\/#website"},"primaryImageOfPage":{"@id":"https:\/\/cleanly.be\/index.php\/features\/#primaryimage"},"image":{"@id":"https:\/\/cleanly.be\/index.php\/features\/#primaryimage"},"thumbnailUrl":"http:\/\/cleanly.be\/wp-content\/uploads\/2024\/01\/solar-house.png","datePublished":"2022-08-09T11:42:03+00:00","dateModified":"2024-01-26T16:51:56+00:00","description":"D\u00e9couvrez l'ensemble de nos services de nettoyage ext\u00e9rieurs. Contactez-nous pour obtenir votre devis gratuit","breadcrumb":{"@id":"https:\/\/cleanly.be\/index.php\/features\/#breadcrumb"},"inLanguage":"fr-FR","potentialAction":[{"@type":"ReadAction","target":["https:\/\/cleanly.be\/index.php\/features\/"]}]},{"@type":"ImageObject","inLanguage":"fr-FR","@id":"https:\/\/cleanly.be\/index.php\/features\/#primaryimage","url":"http:\/\/cleanly.be\/wp-content\/uploads\/2024\/01\/solar-house.png","contentUrl":"http:\/\/cleanly.be\/wp-content\/uploads\/2024\/01\/solar-house.png"},{"@type":"BreadcrumbList","@id":"https:\/\/cleanly.be\/index.php\/features\/#breadcrumb","itemListElement":[{"@type":"ListItem","position":1,"name":"Accueil","item":"https:\/\/cleanly.be\/"},{"@type":"ListItem","position":2,"name":"Services"}]},{"@type":"WebSite","@id":"https:\/\/cleanly.be\/#website","url":"https:\/\/cleanly.be\/","name":"Cleanly.be","description":"Votre expert en nettoyage ext\u00e9rieur","publisher":{"@id":"https:\/\/cleanly.be\/#organization"},"potentialAction":[{"@type":"SearchAction","target":{"@type":"EntryPoint","urlTemplate":"https:\/\/cleanly.be\/?s={search_term_string}"},"query-input":{"@type":"PropertyValueSpecification","valueRequired":true,"valueName":"search_term_string"}}],"inLanguage":"fr-FR"},{"@type":"Organization","@id":"https:\/\/cleanly.be\/#organization","name":"Cleanly.be","url":"https:\/\/cleanly.be\/","logo":{"@type":"ImageObject","inLanguage":"fr-FR","@id":"https:\/\/cleanly.be\/#\/schema\/logo\/image\/","url":"https:\/\/cleanly.be\/wp-content\/uploads\/2024\/01\/LOGO-4-1.png","contentUrl":"https:\/\/cleanly.be\/wp-content\/uploads\/2024\/01\/LOGO-4-1.png","width":3080,"height":706,"caption":"Cleanly.be"},"image":{"@id":"https:\/\/cleanly.be\/#\/schema\/logo\/image\/"}}]}},"_links":{"self":[{"href":"https:\/\/cleanly.be\/index.php\/wp-json\/wp\/v2\/pages\/279","targetHints":{"allow":["GET"]}}],"collection":[{"href":"https:\/\/cleanly.be\/index.php\/wp-json\/wp\/v2\/pages"}],"about":[{"href":"https:\/\/cleanly.be\/index.php\/wp-json\/wp\/v2\/types\/page"}],"author":[{"embeddable":true,"href":"https:\/\/cleanly.be\/index.php\/wp-json\/wp\/v2\/users\/1"}],"replies":[{"embeddable":true,"href":"https:\/\/cleanly.be\/index.php\/wp-json\/wp\/v2\/comments?post=279"}],"version-history":[{"count":10,"href":"https:\/\/cleanly.be\/index.php\/wp-json\/wp\/v2\/pages\/279\/revisions"}],"predecessor-version":[{"id":1292,"href":"https:\/\/cleanly.be\/index.php\/wp-json\/wp\/v2\/pages\/279\/revisions\/1292"}],"wp:attachment":[{"href":"https:\/\/cleanly.be\/index.php\/wp-json\/wp\/v2\/media?parent=279"}],"curies":[{"name":"wp","href":"https:\/\/api.w.org\/{rel}","templated":true}]}}